{"id":16,"date":"1980-08-05T05:35:32","date_gmt":"1980-08-05T05:35:32","guid":{"rendered":"http:\/\/redmartian.com\/shop\/?post_type=product&#038;p=16"},"modified":"2024-09-03T05:34:50","modified_gmt":"2024-09-03T05:34:50","slug":"retrailing-7","status":"publish","type":"product","link":"https:\/\/redmartian.com\/?product=retrailing-7","title":{"rendered":"RED MARTIAN <br>RETRAILING 10&#8243;"},"content":{"rendered":"<p>Please Listen Here<br \/>\n<iframe style=\"border: 0; width: 100%; height: 42px;\" src=\"https:\/\/bandcamp.com\/EmbeddedPlayer\/track=1746303808\/size=small\/bgcol=ffffff\/linkcol=0687f5\/transparent=true\/\" seamless><a href=\"http:\/\/redmartian.bandcamp.com\/track\/under-orbit\">UNDER ORBIT by RED MARTIAN<\/a><\/iframe><\/p>\n<p>11 song album of electronic music and synth improvisations.  10&#8243; vinyl<\/p>\n<p>Track listing:<\/p>\n<p>01 cowboy and the vocoder<br \/>\n02 nedan omloppsbana<br \/>\n03 n\u00e4rmar sn\u00f6blandat regn<br \/>\n04 av d\u00f6d (delorean)<br \/>\n05 retrailing<br \/>\n06 flytta hav av is<br \/>\n07 k\u00e4nner mig s\u00e5 l\u00e5g<br \/>\n08 \u98a8\u306e\u8c37\u306e\u30ca\u30a6\u30b7\u30ab<br \/>\n09 \u3072\u3087\u308d\u308a<br \/>\n10 se io m&#8217;accorgo<br \/>\n11 ett vykort<\/p>\n<p>improvised live on the custom Mattson Mini Modular named Ichabod.<\/p>\n<p>flytta hav av is (aka MIAMI) is available as a ring tone loop here: <a href=https:\/\/redmartian.com\/miami-ringtone.m4a>miami-ringtone.m4a<\/a><\/p>\n","protected":false},"excerpt":{"rendered":"<p>Please Listen Here UNDER ORBIT by RED MARTIAN 11 song album of electronic music and synth improvisations. 10&#8243; vinyl Track listing: 01 cowboy and the vocoder 02 nedan omloppsbana 03 n\u00e4rmar sn\u00f6blandat regn 04 av d\u00f6d (delorean) 05 retrailing 06 flytta hav av is 07 k\u00e4nner mig s\u00e5 l\u00e5g 08 \u98a8\u306e\u8c37\u306e\u30ca\u30a6\u30b7\u30ab 09 \u3072\u3087\u308d\u308a 10 se [&hellip;]<\/p>\n","protected":false},"featured_media":244,"comment_status":"closed","ping_status":"closed","template":"","meta":[],"product_brand":[],"product_cat":[18],"product_tag":[15,12,14,89,9,13,6],"class_list":{"0":"post-16","1":"product","2":"type-product","3":"status-publish","4":"has-post-thumbnail","6":"product_cat-red-martian","7":"product_tag-15","8":"product_tag-electronic","9":"product_tag-improvisation","10":"product_tag-pnw","11":"product_tag-record","12":"product_tag-synth","13":"product_tag-vinyl","15":"first","16":"instock","17":"downloadable","18":"sold-individually","19":"shipping-taxable","20":"purchasable","21":"product-type-simple"},"_links":{"self":[{"href":"https:\/\/redmartian.com\/index.php?rest_route=\/wp\/v2\/product\/16","targetHints":{"allow":["GET"]}}],"collection":[{"href":"https:\/\/redmartian.com\/index.php?rest_route=\/wp\/v2\/product"}],"about":[{"href":"https:\/\/redmartian.com\/index.php?rest_route=\/wp\/v2\/types\/product"}],"replies":[{"embeddable":true,"href":"https:\/\/redmartian.com\/index.php?rest_route=%2Fwp%2Fv2%2Fcomments&post=16"}],"wp:featuredmedia":[{"embeddable":true,"href":"https:\/\/redmartian.com\/index.php?rest_route=\/wp\/v2\/media\/244"}],"wp:attachment":[{"href":"https:\/\/redmartian.com\/index.php?rest_route=%2Fwp%2Fv2%2Fmedia&parent=16"}],"wp:term":[{"taxonomy":"product_brand","embeddable":true,"href":"https:\/\/redmartian.com\/index.php?rest_route=%2Fwp%2Fv2%2Fproduct_brand&post=16"},{"taxonomy":"product_cat","embeddable":true,"href":"https:\/\/redmartian.com\/index.php?rest_route=%2Fwp%2Fv2%2Fproduct_cat&post=16"},{"taxonomy":"product_tag","embeddable":true,"href":"https:\/\/redmartian.com\/index.php?rest_route=%2Fwp%2Fv2%2Fproduct_tag&post=16"}],"curies":[{"name":"wp","href":"https:\/\/api.w.org\/{rel}","templated":true}]}}