{"id":113,"date":"2017-05-18T17:47:05","date_gmt":"2017-05-18T17:47:05","guid":{"rendered":"http:\/\/redmartian.com\/?post_type=product&#038;p=113"},"modified":"2021-05-08T02:53:03","modified_gmt":"2021-05-08T02:53:03","slug":"retrailing","status":"publish","type":"product","link":"https:\/\/redmartian.com\/?product=retrailing","title":{"rendered":"RED MARTIAN <br>RETRAILING CD"},"content":{"rendered":"<p><iframe style=\"border: 0; width: 100%; height: 120px;\" src=\"https:\/\/bandcamp.com\/EmbeddedPlayer\/album=2549937691\/size=large\/bgcol=ffffff\/linkcol=0687f5\/tracklist=false\/artwork=small\/transparent=true\/\" seamless><a href=\"http:\/\/redmartian.bandcamp.com\/album\/retrailing-2\">retrailing by RED MARTIAN<\/a><\/iframe><\/p>\n<p>13 song album of electronic music and synth improvisations.  each album is numbered and includes a vintage 5.25&#8243; floppy sleeve.  the vintage sleeves will vary for style\/color and we will not use plain white.<\/p>\n<p>Track listing:<\/p>\n<p>01 cowboy and the vocoder<br \/>\n02 nedan omloppsbana<br \/>\n03 n\u00e4rmar sn\u00f6blandat regn<br \/>\n04 av d\u00f6d (delorean)<br \/>\n05 retrailing<br \/>\n06 flytta hav av is<br \/>\n07 k\u00e4nner mig s\u00e5 l\u00e5g<br \/>\n08 \u98a8\u306e\u8c37\u306e\u30ca\u30a6\u30b7\u30ab<br \/>\n09 utan hj\u00e4rta *<br \/>\n10 bed\u00f6vande en \u00f6versv\u00e4mning *<br \/>\n11 \u3072\u3087\u308d\u308a<br \/>\n12 se io m&#8217;accorgo<br \/>\n13 ett vykort<\/p>\n<p>improvised live on the custom Mattson Mini Modular named Ichabod.<\/p>\n<p>flytta hav av is (aka MIAMI) is available as a ring tone loop here: <a href=https:\/\/redmartian.com\/miami-ringtone.m4a>miami-ringtone.m4a<\/a><\/p>\n","protected":false},"excerpt":{"rendered":"<p>retrailing by RED MARTIAN 13 song album of electronic music and synth improvisations. each album is numbered and includes a vintage 5.25&#8243; floppy sleeve. the vintage sleeves will vary for style\/color and we will not use plain white. Track listing: 01 cowboy and the vocoder 02 nedan omloppsbana 03 n\u00e4rmar sn\u00f6blandat regn 04 av d\u00f6d [&hellip;]<\/p>\n","protected":false},"featured_media":127,"comment_status":"open","ping_status":"closed","template":"","meta":[],"product_brand":[],"product_cat":[18],"product_tag":[50,45,52,12,40,51,14,89],"class_list":{"0":"post-113","1":"product","2":"type-product","3":"status-publish","4":"has-post-thumbnail","6":"product_cat-red-martian","7":"product_tag-art","8":"product_tag-cd","9":"product_tag-disk","10":"product_tag-electronic","11":"product_tag-experimental","12":"product_tag-floppy","13":"product_tag-improvisation","14":"product_tag-pnw","16":"first","17":"instock","18":"shipping-taxable","19":"purchasable","20":"product-type-simple"},"_links":{"self":[{"href":"https:\/\/redmartian.com\/index.php?rest_route=\/wp\/v2\/product\/113","targetHints":{"allow":["GET"]}}],"collection":[{"href":"https:\/\/redmartian.com\/index.php?rest_route=\/wp\/v2\/product"}],"about":[{"href":"https:\/\/redmartian.com\/index.php?rest_route=\/wp\/v2\/types\/product"}],"replies":[{"embeddable":true,"href":"https:\/\/redmartian.com\/index.php?rest_route=%2Fwp%2Fv2%2Fcomments&post=113"}],"wp:featuredmedia":[{"embeddable":true,"href":"https:\/\/redmartian.com\/index.php?rest_route=\/wp\/v2\/media\/127"}],"wp:attachment":[{"href":"https:\/\/redmartian.com\/index.php?rest_route=%2Fwp%2Fv2%2Fmedia&parent=113"}],"wp:term":[{"taxonomy":"product_brand","embeddable":true,"href":"https:\/\/redmartian.com\/index.php?rest_route=%2Fwp%2Fv2%2Fproduct_brand&post=113"},{"taxonomy":"product_cat","embeddable":true,"href":"https:\/\/redmartian.com\/index.php?rest_route=%2Fwp%2Fv2%2Fproduct_cat&post=113"},{"taxonomy":"product_tag","embeddable":true,"href":"https:\/\/redmartian.com\/index.php?rest_route=%2Fwp%2Fv2%2Fproduct_tag&post=113"}],"curies":[{"name":"wp","href":"https:\/\/api.w.org\/{rel}","templated":true}]}}